{"id":26,"date":"2023-12-15T03:30:41","date_gmt":"2023-12-15T02:30:41","guid":{"rendered":"https:\/\/elodiebritton-psychologue.com\/?page_id=26"},"modified":"2024-08-26T11:10:07","modified_gmt":"2024-08-26T09:10:07","slug":"qui-suis-je-psychologue-lyon-6","status":"publish","type":"page","link":"https:\/\/elodiebritton-psychologue.com\/index.php\/qui-suis-je-psychologue-lyon-6\/","title":{"rendered":"Qui suis-je ?"},"content":{"rendered":"\n<div class=\"wp-block-group is-layout-constrained wp-container-core-group-is-layout-d89aad35 wp-block-group-is-layout-constrained\" style=\"margin-top:0;margin-bottom:0;padding-top:var(--wp--preset--spacing--50);padding-right:var(--wp--preset--spacing--50);padding-bottom:var(--wp--preset--spacing--50);padding-left:var(--wp--preset--spacing--50)\">\n<h2 class=\"wp-block-heading has-text-align-center\">QUI SUIS-JE ?<\/h2>\n\n\n\n<hr class=\"wp-block-separator has-alpha-channel-opacity\"\/>\n\n\n\n<div class=\"wp-block-group alignwide is-layout-constrained wp-block-group-is-layout-constrained\">\n<div class=\"wp-block-group alignwide is-layout-constrained wp-block-group-is-layout-constrained\">\n<div class=\"wp-block-group alignwide is-layout-constrained wp-block-group-is-layout-constrained\">\n<div class=\"wp-block-group is-layout-constrained wp-block-group-is-layout-constrained\">\n<div class=\"wp-block-group is-layout-constrained wp-block-group-is-layout-constrained\">\n<div class=\"wp-block-cover alignfull is-light wp-duotone-dark-grayscale\" style=\"min-height:310px;aspect-ratio:unset;\"><span aria-hidden=\"true\" class=\"wp-block-cover__background has-background-dim\" style=\"background-color:#afa588\"><\/span><img data-recalc-dims=\"1\" loading=\"lazy\" decoding=\"async\" width=\"940\" height=\"197\" class=\"wp-block-cover__image-background wp-image-1118\" alt=\"Psychologue Lyon 6\" src=\"https:\/\/i0.wp.com\/elodiebritton-psychologue.com\/wp-content\/uploads\/2024\/05\/cropped-cropped-IMG_7428-scaled-1.webp?resize=940%2C197&#038;ssl=1\" data-object-fit=\"cover\" srcset=\"https:\/\/i0.wp.com\/elodiebritton-psychologue.com\/wp-content\/uploads\/2024\/05\/cropped-cropped-IMG_7428-scaled-1.webp?w=940&amp;ssl=1 940w, https:\/\/i0.wp.com\/elodiebritton-psychologue.com\/wp-content\/uploads\/2024\/05\/cropped-cropped-IMG_7428-scaled-1.webp?resize=300%2C63&amp;ssl=1 300w, https:\/\/i0.wp.com\/elodiebritton-psychologue.com\/wp-content\/uploads\/2024\/05\/cropped-cropped-IMG_7428-scaled-1.webp?resize=768%2C161&amp;ssl=1 768w\" sizes=\"auto, (max-width: 940px) 100vw, 940px\" \/><div class=\"wp-block-cover__inner-container is-layout-flow wp-block-cover-is-layout-flow\">\n<div class=\"wp-block-group is-layout-constrained wp-block-group-is-layout-constrained\">\n<div class=\"wp-block-columns are-vertically-aligned-center is-layout-flex wp-container-core-columns-is-layout-47c06fe3 wp-block-columns-is-layout-flex\">\n<div class=\"wp-block-column is-vertically-aligned-center is-layout-flow wp-block-column-is-layout-flow\" style=\"flex-basis:50%\">\n<h4 class=\"wp-block-heading has-text-align-center\"><strong><mark style=\"background-color:rgba(0, 0, 0, 0)\" class=\"has-inline-color has-ast-global-color-4-color\">\u00c9lodie BRITTON, Psychologue \u00e0 Lyon, Psychoth\u00e9rapeute, form\u00e9e en psychopathologie clinique.<\/mark><\/strong><\/h4>\n\n\n\n<p class=\"has-text-align-center\"><strong><em>Dipl\u00f4m\u00e9e de l&#8217;Universit\u00e9 Lumi\u00e8re Lyon 2, d&#8217;un master en psychologie clinique. Je pratique selon une approche int\u00e9grative, en appui sur un r\u00e9f\u00e9rentiel psychodynamique et humaniste.<\/em><\/strong><\/p>\n<\/div>\n\n\n\n<div class=\"wp-block-column is-vertically-aligned-center is-layout-flow wp-block-column-is-layout-flow\" style=\"flex-basis:50%\">\n<figure class=\"wp-block-image aligncenter size-full is-resized is-style-rounded\"><img data-recalc-dims=\"1\" loading=\"lazy\" decoding=\"async\" width=\"497\" height=\"493\" src=\"https:\/\/i0.wp.com\/elodiebritton-psychologue.com\/wp-content\/uploads\/2024\/05\/Capture-decran-2024-04-28-a-14.27.45.webp?resize=497%2C493&#038;ssl=1\" alt=\"Psychologue Lyon 6 \u00c9lodie Britton\" class=\"wp-image-1117\" style=\"width:236px;height:auto\" srcset=\"https:\/\/i0.wp.com\/elodiebritton-psychologue.com\/wp-content\/uploads\/2024\/05\/Capture-decran-2024-04-28-a-14.27.45.webp?w=497&amp;ssl=1 497w, https:\/\/i0.wp.com\/elodiebritton-psychologue.com\/wp-content\/uploads\/2024\/05\/Capture-decran-2024-04-28-a-14.27.45.webp?resize=300%2C298&amp;ssl=1 300w, https:\/\/i0.wp.com\/elodiebritton-psychologue.com\/wp-content\/uploads\/2024\/05\/Capture-decran-2024-04-28-a-14.27.45.webp?resize=150%2C150&amp;ssl=1 150w\" sizes=\"auto, (max-width: 497px) 100vw, 497px\" \/><\/figure>\n<\/div>\n<\/div>\n<\/div>\n<\/div><\/div>\n<\/div>\n<\/div>\n<\/div>\n<\/div>\n<\/div>\n\n\n\n<h2 class=\"wp-block-heading has-text-align-right\"><em><mark style=\"background-color:rgba(0, 0, 0, 0);color:#fefcf4\" class=\"has-inline-color\">Psychologue \u00e0 Lyon<\/mark><\/em><\/h2>\n\n\n\n<h3 class=\"wp-block-heading has-text-align-center\"><mark style=\"background-color:rgba(0, 0, 0, 0)\" class=\"has-inline-color has-ast-global-color-1-color\">MON PARCOURS PROFESSIONNEL<\/mark><\/h3>\n\n\n\n<p class=\"has-text-align-center\">En premi\u00e8re partie de carri\u00e8re, j\u2019ai exerc\u00e9 en tant qu\u2019infirmi\u00e8re en h\u00f4pital psychiatrique aupr\u00e8s d\u2019enfants, d\u2019adolescents et d\u2019adultes. Je connais donc bien la sp\u00e9cificit\u00e9 des sympt\u00f4mes et soins associ\u00e9s aupr\u00e8s de personnes qui traversent une p\u00e9riode de crise, de d\u00e9compensation psychique. <\/p>\n\n\n\n<p class=\"has-text-align-center\">En tant que psychologue \u00e0 Lyon, j\u2019ai travaill\u00e9 au sein d&#8217;un centre t\u00e9l\u00e9phonique de pr\u00e9vention du suicide, puis dans une clinique sp\u00e9cialis\u00e9e pour les femmes pr\u00e9sentant des troubles alimentaires.&nbsp;<\/p>\n\n\n\n<p class=\"has-text-align-center\"><em><strong><mark style=\"background-color:rgba(0, 0, 0, 0)\" class=\"has-inline-color has-ast-global-color-8-color\">J\u2019ai donc travaill\u00e9 dans diff\u00e9rents lieux d\u2019accueil et de soins, qui ont \u00e9t\u00e9 source d\u2019approfondissement et d\u2019\u00e9volution dans ma mani\u00e8re d\u2019accompagner et de soutenir.<\/mark><\/strong><\/em><\/p>\n\n\n\n<h2 class=\"wp-block-heading has-text-align-right\"><mark style=\"background-color:rgba(0, 0, 0, 0)\" class=\"has-inline-color has-ast-global-color-4-color\"><em><mark style=\"background-color:rgba(0, 0, 0, 0);color:#fefcf4\" class=\"has-inline-color\">Psychologue \u00e0 Lyon<\/mark><\/em><\/mark><\/h2>\n<\/div>\n\n\n\n<h3 class=\"wp-block-heading has-text-align-center\"><mark style=\"background-color:rgba(0, 0, 0, 0)\" class=\"has-inline-color has-ast-global-color-1-color\">DIFF\u00c9RENTS LIEUX DE PRATIQUE<\/mark><\/h3>\n\n\n\n<p><strong>Avec des adultes et adolescents&nbsp;:<\/strong><\/p>\n\n\n\n<p>-Clinique psychiatrique pour femmes et adolescentes, avec une sp\u00e9cialit\u00e9 concernant la prise en charge des troubles du comportement alimentaire, la d\u00e9pression et la d\u00e9pendance \u00e0 l\u2019alcool<\/p>\n\n\n\n<p>-Centre hospitalier psychiatrique&nbsp;: service de psychiatrie adulte, UHCD (Unit\u00e9 d&#8217;Hospitalisation de Courte Dur\u00e9e)<\/p>\n\n\n\n<p>-CSAPA&nbsp;: Centres de Soin, d&#8217;Accompagnement et de Pr\u00e9vention en Addictologie<\/p>\n\n\n\n<p>-SAMSAH&nbsp;: Service d&#8217;accompagnement m\u00e9dico-social pour adultes handicap\u00e9s<\/p>\n\n\n\n<p><strong>Avec des enfants&nbsp;:<\/strong><\/p>\n\n\n\n<p>-H\u00f4pital de jour pour enfants<\/p>\n\n\n\n<p>-Lieux d\u2019accueil pour enfants (cr\u00e8ches)<\/p>\n\n\n\n<p><\/p>\n\n\n\n<div class=\"wp-block-buttons is-content-justification-center is-layout-flex wp-container-core-buttons-is-layout-a89b3969 wp-block-buttons-is-layout-flex\">\n<div class=\"wp-block-button\"><a class=\"wp-block-button__link wp-element-button\" href=\"https:\/\/www.doctolib.fr\/psychologue\/lyon\/elodie-britton\">PRENDRE RENDEZ-VOUS<\/a><\/div>\n\n\n\n<div class=\"wp-block-button\"><a class=\"wp-block-button__link wp-element-button\" href=\"https:\/\/elodiebritton-psychologue.com\/index.php\/therapie\/\">LES TH\u00c9RAPIES<\/a><\/div>\n<\/div>\n\n\n\n<p><mark style=\"background-color:rgba(0, 0, 0, 0)\" class=\"has-inline-color has-ast-global-color-4-color\">.<\/mark><\/p>\n","protected":false},"excerpt":{"rendered":"<p>QUI SUIS-JE ? Psychologue \u00e0 Lyon MON PARCOURS PROFESSIONNEL En premi\u00e8re partie de carri\u00e8re, j\u2019ai exerc\u00e9 en tant qu\u2019infirmi\u00e8re en [&hellip;]<\/p>\n","protected":false},"author":1,"featured_media":688,"parent":0,"menu_order":3,"comment_status":"closed","ping_status":"closed","template":"","meta":{"site-sidebar-layout":"default","site-content-layout":"","ast-site-content-layout":"default","site-content-style":"default","site-sidebar-style":"default","ast-global-header-display":"","ast-banner-title-visibility":"","ast-main-header-display":"","ast-hfb-above-header-display":"","ast-hfb-below-header-display":"","ast-hfb-mobile-header-display":"","site-post-title":"disabled","ast-breadcrumbs-content":"","ast-featured-img":"","footer-sml-layout":"","theme-transparent-header-meta":"","adv-header-id-meta":"","stick-header-meta":"","header-above-stick-meta":"","header-main-stick-meta":"","header-below-stick-meta":"","astra-migrate-meta-layouts":"default","ast-page-background-enabled":"default","ast-page-background-meta":{"desktop":{"background-color":"var(--ast-global-color-4)","background-image":"","background-repeat":"repeat","background-position":"center center","background-size":"auto","background-attachment":"scroll","background-type":"","background-media":"","overlay-type":"","overlay-color":"","overlay-opacity":"","overlay-gradient":""},"tablet":{"background-color":"","background-image":"","background-repeat":"repeat","background-position":"center center","background-size":"auto","background-attachment":"scroll","background-type":"","background-media":"","overlay-type":"","overlay-color":"","overlay-opacity":"","overlay-gradient":""},"mobile":{"background-color":"","background-image":"","background-repeat":"repeat","background-position":"center center","background-size":"auto","background-attachment":"scroll","background-type":"","background-media":"","overlay-type":"","overlay-color":"","overlay-opacity":"","overlay-gradient":""}},"ast-content-background-meta":{"desktop":{"background-color":"var(--ast-global-color-5)","background-image":"","background-repeat":"repeat","background-position":"center center","background-size":"auto","background-attachment":"scroll","background-type":"","background-media":"","overlay-type":"","overlay-color":"","overlay-opacity":"","overlay-gradient":""},"tablet":{"background-color":"var(--ast-global-color-5)","background-image":"","background-repeat":"repeat","background-position":"center center","background-size":"auto","background-attachment":"scroll","background-type":"","background-media":"","overlay-type":"","overlay-color":"","overlay-opacity":"","overlay-gradient":""},"mobile":{"background-color":"var(--ast-global-color-5)","background-image":"","background-repeat":"repeat","background-position":"center center","background-size":"auto","background-attachment":"scroll","background-type":"","background-media":"","overlay-type":"","overlay-color":"","overlay-opacity":"","overlay-gradient":""}},"footnotes":""},"class_list":["post-26","page","type-page","status-publish","has-post-thumbnail","hentry"],"yoast_head":"<!-- This site is optimized with the Yoast SEO plugin v27.3 - https:\/\/yoast.com\/product\/yoast-seo-wordpress\/ -->\n<title>Qui suis-je ? - Psychologue Lyon 6 - Elodie BRITTON<\/title>\n<meta name=\"description\" content=\"Psychologue Lyon 6, adolescent, adulte. Sp\u00e9cialit\u00e9s : troubles du comportement alimentaire, addictions, violences faites aux femmes.\" \/>\n<meta name=\"robots\" content=\"index, follow, max-snippet:-1, max-image-preview:large, max-video-preview:-1\" \/>\n<link rel=\"canonical\" href=\"https:\/\/elodiebritton-psychologue.com\/index.php\/qui-suis-je-psychologue-lyon-6\/\" \/>\n<meta property=\"og:locale\" content=\"en_US\" \/>\n<meta property=\"og:type\" content=\"article\" \/>\n<meta property=\"og:title\" content=\"Qui suis-je ? - Psychologue Lyon 6 - Elodie BRITTON\" \/>\n<meta property=\"og:description\" content=\"Psychologue Lyon 6, adolescent, adulte. Sp\u00e9cialit\u00e9s : troubles du comportement alimentaire, addictions, violences faites aux femmes.\" \/>\n<meta property=\"og:url\" content=\"https:\/\/elodiebritton-psychologue.com\/index.php\/qui-suis-je-psychologue-lyon-6\/\" \/>\n<meta property=\"og:site_name\" content=\"Psychologue Lyon 6 - Elodie BRITTON\" \/>\n<meta property=\"article:modified_time\" content=\"2024-08-26T09:10:07+00:00\" \/>\n<meta property=\"og:image\" content=\"https:\/\/i0.wp.com\/elodiebritton-psychologue.com\/wp-content\/uploads\/2024\/03\/Capture-decran-2024-03-14-a-02.01.26.png?fit=718%2C712&ssl=1\" \/>\n\t<meta property=\"og:image:width\" content=\"718\" \/>\n\t<meta property=\"og:image:height\" content=\"712\" \/>\n\t<meta property=\"og:image:type\" content=\"image\/png\" \/>\n<meta name=\"twitter:card\" content=\"summary_large_image\" \/>\n<meta name=\"twitter:label1\" content=\"Est. reading time\" \/>\n\t<meta name=\"twitter:data1\" content=\"2 minutes\" \/>\n<script type=\"application\/ld+json\" class=\"yoast-schema-graph\">{\"@context\":\"https:\\\/\\\/schema.org\",\"@graph\":[{\"@type\":\"WebPage\",\"@id\":\"https:\\\/\\\/elodiebritton-psychologue.com\\\/index.php\\\/qui-suis-je-psychologue-lyon-6\\\/\",\"url\":\"https:\\\/\\\/elodiebritton-psychologue.com\\\/index.php\\\/qui-suis-je-psychologue-lyon-6\\\/\",\"name\":\"Qui suis-je ? - Psychologue Lyon 6 - Elodie BRITTON\",\"isPartOf\":{\"@id\":\"https:\\\/\\\/elodiebritton-psychologue.com\\\/#website\"},\"primaryImageOfPage\":{\"@id\":\"https:\\\/\\\/elodiebritton-psychologue.com\\\/index.php\\\/qui-suis-je-psychologue-lyon-6\\\/#primaryimage\"},\"image\":{\"@id\":\"https:\\\/\\\/elodiebritton-psychologue.com\\\/index.php\\\/qui-suis-je-psychologue-lyon-6\\\/#primaryimage\"},\"thumbnailUrl\":\"https:\\\/\\\/i0.wp.com\\\/elodiebritton-psychologue.com\\\/wp-content\\\/uploads\\\/2024\\\/03\\\/Capture-decran-2024-03-14-a-02.01.26.png?fit=718%2C712&ssl=1\",\"datePublished\":\"2023-12-15T02:30:41+00:00\",\"dateModified\":\"2024-08-26T09:10:07+00:00\",\"description\":\"Psychologue Lyon 6, adolescent, adulte. Sp\u00e9cialit\u00e9s : troubles du comportement alimentaire, addictions, violences faites aux femmes.\",\"breadcrumb\":{\"@id\":\"https:\\\/\\\/elodiebritton-psychologue.com\\\/index.php\\\/qui-suis-je-psychologue-lyon-6\\\/#breadcrumb\"},\"inLanguage\":\"en-US\",\"potentialAction\":[{\"@type\":\"ReadAction\",\"target\":[\"https:\\\/\\\/elodiebritton-psychologue.com\\\/index.php\\\/qui-suis-je-psychologue-lyon-6\\\/\"]}]},{\"@type\":\"ImageObject\",\"inLanguage\":\"en-US\",\"@id\":\"https:\\\/\\\/elodiebritton-psychologue.com\\\/index.php\\\/qui-suis-je-psychologue-lyon-6\\\/#primaryimage\",\"url\":\"https:\\\/\\\/i0.wp.com\\\/elodiebritton-psychologue.com\\\/wp-content\\\/uploads\\\/2024\\\/03\\\/Capture-decran-2024-03-14-a-02.01.26.png?fit=718%2C712&ssl=1\",\"contentUrl\":\"https:\\\/\\\/i0.wp.com\\\/elodiebritton-psychologue.com\\\/wp-content\\\/uploads\\\/2024\\\/03\\\/Capture-decran-2024-03-14-a-02.01.26.png?fit=718%2C712&ssl=1\",\"width\":718,\"height\":712},{\"@type\":\"BreadcrumbList\",\"@id\":\"https:\\\/\\\/elodiebritton-psychologue.com\\\/index.php\\\/qui-suis-je-psychologue-lyon-6\\\/#breadcrumb\",\"itemListElement\":[{\"@type\":\"ListItem\",\"position\":1,\"name\":\"Accueil\",\"item\":\"https:\\\/\\\/elodiebritton-psychologue.com\\\/\"},{\"@type\":\"ListItem\",\"position\":2,\"name\":\"Qui suis-je ?\"}]},{\"@type\":\"WebSite\",\"@id\":\"https:\\\/\\\/elodiebritton-psychologue.com\\\/#website\",\"url\":\"https:\\\/\\\/elodiebritton-psychologue.com\\\/\",\"name\":\"Elodie Britton Psychologue\",\"description\":\"\",\"publisher\":{\"@id\":\"https:\\\/\\\/elodiebritton-psychologue.com\\\/#\\\/schema\\\/person\\\/a77952a18c251b2110847dd51f2bc744\"},\"potentialAction\":[{\"@type\":\"SearchAction\",\"target\":{\"@type\":\"EntryPoint\",\"urlTemplate\":\"https:\\\/\\\/elodiebritton-psychologue.com\\\/?s={search_term_string}\"},\"query-input\":{\"@type\":\"PropertyValueSpecification\",\"valueRequired\":true,\"valueName\":\"search_term_string\"}}],\"inLanguage\":\"en-US\"},{\"@type\":[\"Person\",\"Organization\"],\"@id\":\"https:\\\/\\\/elodiebritton-psychologue.com\\\/#\\\/schema\\\/person\\\/a77952a18c251b2110847dd51f2bc744\",\"name\":\"admin8326\",\"image\":{\"@type\":\"ImageObject\",\"inLanguage\":\"en-US\",\"@id\":\"https:\\\/\\\/i0.wp.com\\\/elodiebritton-psychologue.com\\\/wp-content\\\/uploads\\\/2024\\\/04\\\/cropped-cropped-cropped-Capture-decran-2024-04-28-a-14.35.22.png?fit=242%2C232&ssl=1\",\"url\":\"https:\\\/\\\/i0.wp.com\\\/elodiebritton-psychologue.com\\\/wp-content\\\/uploads\\\/2024\\\/04\\\/cropped-cropped-cropped-Capture-decran-2024-04-28-a-14.35.22.png?fit=242%2C232&ssl=1\",\"contentUrl\":\"https:\\\/\\\/i0.wp.com\\\/elodiebritton-psychologue.com\\\/wp-content\\\/uploads\\\/2024\\\/04\\\/cropped-cropped-cropped-Capture-decran-2024-04-28-a-14.35.22.png?fit=242%2C232&ssl=1\",\"width\":242,\"height\":232,\"caption\":\"admin8326\"},\"logo\":{\"@id\":\"https:\\\/\\\/i0.wp.com\\\/elodiebritton-psychologue.com\\\/wp-content\\\/uploads\\\/2024\\\/04\\\/cropped-cropped-cropped-Capture-decran-2024-04-28-a-14.35.22.png?fit=242%2C232&ssl=1\"},\"sameAs\":[\"http:\\\/\\\/elodiebritton-psychologue.com\"]}]}<\/script>\n<!-- \/ Yoast SEO plugin. -->","yoast_head_json":{"title":"Qui suis-je ? - Psychologue Lyon 6 - Elodie BRITTON","description":"Psychologue Lyon 6, adolescent, adulte. Sp\u00e9cialit\u00e9s : troubles du comportement alimentaire, addictions, violences faites aux femmes.","robots":{"index":"index","follow":"follow","max-snippet":"max-snippet:-1","max-image-preview":"max-image-preview:large","max-video-preview":"max-video-preview:-1"},"canonical":"https:\/\/elodiebritton-psychologue.com\/index.php\/qui-suis-je-psychologue-lyon-6\/","og_locale":"en_US","og_type":"article","og_title":"Qui suis-je ? - Psychologue Lyon 6 - Elodie BRITTON","og_description":"Psychologue Lyon 6, adolescent, adulte. Sp\u00e9cialit\u00e9s : troubles du comportement alimentaire, addictions, violences faites aux femmes.","og_url":"https:\/\/elodiebritton-psychologue.com\/index.php\/qui-suis-je-psychologue-lyon-6\/","og_site_name":"Psychologue Lyon 6 - Elodie BRITTON","article_modified_time":"2024-08-26T09:10:07+00:00","og_image":[{"width":718,"height":712,"url":"https:\/\/i0.wp.com\/elodiebritton-psychologue.com\/wp-content\/uploads\/2024\/03\/Capture-decran-2024-03-14-a-02.01.26.png?fit=718%2C712&ssl=1","type":"image\/png"}],"twitter_card":"summary_large_image","twitter_misc":{"Est. reading time":"2 minutes"},"schema":{"@context":"https:\/\/schema.org","@graph":[{"@type":"WebPage","@id":"https:\/\/elodiebritton-psychologue.com\/index.php\/qui-suis-je-psychologue-lyon-6\/","url":"https:\/\/elodiebritton-psychologue.com\/index.php\/qui-suis-je-psychologue-lyon-6\/","name":"Qui suis-je ? - Psychologue Lyon 6 - Elodie BRITTON","isPartOf":{"@id":"https:\/\/elodiebritton-psychologue.com\/#website"},"primaryImageOfPage":{"@id":"https:\/\/elodiebritton-psychologue.com\/index.php\/qui-suis-je-psychologue-lyon-6\/#primaryimage"},"image":{"@id":"https:\/\/elodiebritton-psychologue.com\/index.php\/qui-suis-je-psychologue-lyon-6\/#primaryimage"},"thumbnailUrl":"https:\/\/i0.wp.com\/elodiebritton-psychologue.com\/wp-content\/uploads\/2024\/03\/Capture-decran-2024-03-14-a-02.01.26.png?fit=718%2C712&ssl=1","datePublished":"2023-12-15T02:30:41+00:00","dateModified":"2024-08-26T09:10:07+00:00","description":"Psychologue Lyon 6, adolescent, adulte. Sp\u00e9cialit\u00e9s : troubles du comportement alimentaire, addictions, violences faites aux femmes.","breadcrumb":{"@id":"https:\/\/elodiebritton-psychologue.com\/index.php\/qui-suis-je-psychologue-lyon-6\/#breadcrumb"},"inLanguage":"en-US","potentialAction":[{"@type":"ReadAction","target":["https:\/\/elodiebritton-psychologue.com\/index.php\/qui-suis-je-psychologue-lyon-6\/"]}]},{"@type":"ImageObject","inLanguage":"en-US","@id":"https:\/\/elodiebritton-psychologue.com\/index.php\/qui-suis-je-psychologue-lyon-6\/#primaryimage","url":"https:\/\/i0.wp.com\/elodiebritton-psychologue.com\/wp-content\/uploads\/2024\/03\/Capture-decran-2024-03-14-a-02.01.26.png?fit=718%2C712&ssl=1","contentUrl":"https:\/\/i0.wp.com\/elodiebritton-psychologue.com\/wp-content\/uploads\/2024\/03\/Capture-decran-2024-03-14-a-02.01.26.png?fit=718%2C712&ssl=1","width":718,"height":712},{"@type":"BreadcrumbList","@id":"https:\/\/elodiebritton-psychologue.com\/index.php\/qui-suis-je-psychologue-lyon-6\/#breadcrumb","itemListElement":[{"@type":"ListItem","position":1,"name":"Accueil","item":"https:\/\/elodiebritton-psychologue.com\/"},{"@type":"ListItem","position":2,"name":"Qui suis-je ?"}]},{"@type":"WebSite","@id":"https:\/\/elodiebritton-psychologue.com\/#website","url":"https:\/\/elodiebritton-psychologue.com\/","name":"Elodie Britton Psychologue","description":"","publisher":{"@id":"https:\/\/elodiebritton-psychologue.com\/#\/schema\/person\/a77952a18c251b2110847dd51f2bc744"},"potentialAction":[{"@type":"SearchAction","target":{"@type":"EntryPoint","urlTemplate":"https:\/\/elodiebritton-psychologue.com\/?s={search_term_string}"},"query-input":{"@type":"PropertyValueSpecification","valueRequired":true,"valueName":"search_term_string"}}],"inLanguage":"en-US"},{"@type":["Person","Organization"],"@id":"https:\/\/elodiebritton-psychologue.com\/#\/schema\/person\/a77952a18c251b2110847dd51f2bc744","name":"admin8326","image":{"@type":"ImageObject","inLanguage":"en-US","@id":"https:\/\/i0.wp.com\/elodiebritton-psychologue.com\/wp-content\/uploads\/2024\/04\/cropped-cropped-cropped-Capture-decran-2024-04-28-a-14.35.22.png?fit=242%2C232&ssl=1","url":"https:\/\/i0.wp.com\/elodiebritton-psychologue.com\/wp-content\/uploads\/2024\/04\/cropped-cropped-cropped-Capture-decran-2024-04-28-a-14.35.22.png?fit=242%2C232&ssl=1","contentUrl":"https:\/\/i0.wp.com\/elodiebritton-psychologue.com\/wp-content\/uploads\/2024\/04\/cropped-cropped-cropped-Capture-decran-2024-04-28-a-14.35.22.png?fit=242%2C232&ssl=1","width":242,"height":232,"caption":"admin8326"},"logo":{"@id":"https:\/\/i0.wp.com\/elodiebritton-psychologue.com\/wp-content\/uploads\/2024\/04\/cropped-cropped-cropped-Capture-decran-2024-04-28-a-14.35.22.png?fit=242%2C232&ssl=1"},"sameAs":["http:\/\/elodiebritton-psychologue.com"]}]}},"jetpack_sharing_enabled":true,"_links":{"self":[{"href":"https:\/\/elodiebritton-psychologue.com\/index.php\/wp-json\/wp\/v2\/pages\/26","targetHints":{"allow":["GET"]}}],"collection":[{"href":"https:\/\/elodiebritton-psychologue.com\/index.php\/wp-json\/wp\/v2\/pages"}],"about":[{"href":"https:\/\/elodiebritton-psychologue.com\/index.php\/wp-json\/wp\/v2\/types\/page"}],"author":[{"embeddable":true,"href":"https:\/\/elodiebritton-psychologue.com\/index.php\/wp-json\/wp\/v2\/users\/1"}],"replies":[{"embeddable":true,"href":"https:\/\/elodiebritton-psychologue.com\/index.php\/wp-json\/wp\/v2\/comments?post=26"}],"version-history":[{"count":90,"href":"https:\/\/elodiebritton-psychologue.com\/index.php\/wp-json\/wp\/v2\/pages\/26\/revisions"}],"predecessor-version":[{"id":1238,"href":"https:\/\/elodiebritton-psychologue.com\/index.php\/wp-json\/wp\/v2\/pages\/26\/revisions\/1238"}],"wp:featuredmedia":[{"embeddable":true,"href":"https:\/\/elodiebritton-psychologue.com\/index.php\/wp-json\/wp\/v2\/media\/688"}],"wp:attachment":[{"href":"https:\/\/elodiebritton-psychologue.com\/index.php\/wp-json\/wp\/v2\/media?parent=26"}],"curies":[{"name":"wp","href":"https:\/\/api.w.org\/{rel}","templated":true}]}}