{"id":266,"date":"2024-03-04T23:32:56","date_gmt":"2024-03-04T22:32:56","guid":{"rendered":"https:\/\/elodiebritton-psychologue.com\/?page_id=266"},"modified":"2024-08-26T11:10:32","modified_gmt":"2024-08-26T09:10:32","slug":"therapie","status":"publish","type":"page","link":"https:\/\/elodiebritton-psychologue.com\/index.php\/therapie\/","title":{"rendered":"Th\u00e9rapies"},"content":{"rendered":"\n<h2 class=\"wp-block-heading has-text-align-center\">LES TH\u00c9RAPIES<\/h2>\n\n\n\n<hr class=\"wp-block-separator has-alpha-channel-opacity\"\/>\n\n\n\n<p class=\"has-text-align-center\"><mark style=\"background-color:rgba(0, 0, 0, 0)\" class=\"has-inline-color has-ast-global-color-7-color\">Je propose des psychoth\u00e9rapies ainsi que des consultations de soutien pour les adolescents et les adultes.<\/mark><\/p>\n\n\n\n<p class=\"has-text-align-center\"><mark style=\"background-color:rgba(0, 0, 0, 0)\" class=\"has-inline-color has-ast-global-color-2-color\"><strong>J&#8217;accompagne selon une approche globale de la personne, \u00e0 l&#8217;\u00e9coute des diff\u00e9rentes dimensions de sa vie<\/strong><\/mark>.<em><mark style=\"background-color:rgba(0, 0, 0, 0)\" class=\"has-inline-color has-ast-global-color-7-color\"> <\/mark><\/em><\/p>\n\n\n\n<h4 class=\"wp-block-heading has-text-align-center\"><strong><mark style=\"background-color:rgba(0, 0, 0, 0)\" class=\"has-inline-color has-ast-global-color-1-color\">L&#8217;ambiance relationnelle au sein des s\u00e9ances<\/mark><\/strong><\/h4>\n\n\n\n<p class=\"has-text-align-center\"><strong>J&#8217;utilise diff\u00e9rents outils th\u00e9rapeutiques adapt\u00e9 aux besoins et \u00e0 la demande de consultation.<\/strong><\/p>\n\n\n\n<p class=\"has-text-align-center\">Je veille \u00e0 vous donner une place active au coeur des s\u00e9ances, dans un cadre s\u00e9curisant et soutenant.<\/p>\n\n\n\n<p class=\"has-text-align-center\">Au d\u00e9but du suivi, l&#8217;objectif principal est de faciliter l&#8217;\u00e9mergence d&#8217;une relation de confiance dans l&#8217;espace de la th\u00e9rapie. C&#8217;est une base essentielle afin que vous puissiez vous exprimer librement.<\/p>\n\n\n\n<p class=\"has-text-align-center\"><strong>Une dynamique de r\u00e9flexion de ce que vous traversez peut ensuite d\u00e9buter.<\/strong><\/p>\n\n\n\n<div class=\"wp-block-buttons is-content-justification-center is-layout-flex wp-container-core-buttons-is-layout-a89b3969 wp-block-buttons-is-layout-flex\">\n<div class=\"wp-block-button\"><a class=\"wp-block-button__link wp-element-button\" href=\"https:\/\/www.doctolib.fr\/psychologue\/lyon\/elodie-britton\">RENDEZ-VOUS DOCTOLIB<\/a><\/div>\n<\/div>\n","protected":false},"excerpt":{"rendered":"<p>LES TH\u00c9RAPIES Je propose des psychoth\u00e9rapies ainsi que des consultations de soutien pour les adolescents et les adultes. J&#8217;accompagne selon [&hellip;]<\/p>\n","protected":false},"author":1,"featured_media":0,"parent":0,"menu_order":4,"comment_status":"closed","ping_status":"closed","template":"","meta":{"site-sidebar-layout":"default","site-content-layout":"","ast-site-content-layout":"narrow-width-container","site-content-style":"default","site-sidebar-style":"default","ast-global-header-display":"","ast-banner-title-visibility":"","ast-main-header-display":"","ast-hfb-above-header-display":"","ast-hfb-below-header-display":"","ast-hfb-mobile-header-display":"","site-post-title":"","ast-breadcrumbs-content":"","ast-featured-img":"","footer-sml-layout":"","theme-transparent-header-meta":"","adv-header-id-meta":"","stick-header-meta":"","header-above-stick-meta":"","header-main-stick-meta":"","header-below-stick-meta":"","astra-migrate-meta-layouts":"default","ast-page-background-enabled":"default","ast-page-background-meta":{"desktop":{"background-color":"var(--ast-global-color-4)","background-image":"","background-repeat":"repeat","background-position":"center center","background-size":"auto","background-attachment":"scroll","background-type":"","background-media":"","overlay-type":"","overlay-color":"","overlay-opacity":"","overlay-gradient":""},"tablet":{"background-color":"","background-image":"","background-repeat":"repeat","background-position":"center center","background-size":"auto","background-attachment":"scroll","background-type":"","background-media":"","overlay-type":"","overlay-color":"","overlay-opacity":"","overlay-gradient":""},"mobile":{"background-color":"","background-image":"","background-repeat":"repeat","background-position":"center center","background-size":"auto","background-attachment":"scroll","background-type":"","background-media":"","overlay-type":"","overlay-color":"","overlay-opacity":"","overlay-gradient":""}},"ast-content-background-meta":{"desktop":{"background-color":"var(--ast-global-color-5)","background-image":"","background-repeat":"repeat","background-position":"center center","background-size":"auto","background-attachment":"scroll","background-type":"","background-media":"","overlay-type":"","overlay-color":"","overlay-opacity":"","overlay-gradient":""},"tablet":{"background-color":"var(--ast-global-color-5)","background-image":"","background-repeat":"repeat","background-position":"center center","background-size":"auto","background-attachment":"scroll","background-type":"","background-media":"","overlay-type":"","overlay-color":"","overlay-opacity":"","overlay-gradient":""},"mobile":{"background-color":"var(--ast-global-color-5)","background-image":"","background-repeat":"repeat","background-position":"center center","background-size":"auto","background-attachment":"scroll","background-type":"","background-media":"","overlay-type":"","overlay-color":"","overlay-opacity":"","overlay-gradient":""}},"footnotes":""},"class_list":["post-266","page","type-page","status-publish","hentry"],"yoast_head":"<!-- This site is optimized with the Yoast SEO plugin v27.3 - https:\/\/yoast.com\/product\/yoast-seo-wordpress\/ -->\n<title>Th\u00e9rapies - Psychologue Lyon 6 - Elodie BRITTON<\/title>\n<meta name=\"robots\" content=\"index, follow, max-snippet:-1, max-image-preview:large, max-video-preview:-1\" \/>\n<link rel=\"canonical\" href=\"https:\/\/elodiebritton-psychologue.com\/index.php\/therapie\/\" \/>\n<meta property=\"og:locale\" content=\"en_US\" \/>\n<meta property=\"og:type\" content=\"article\" \/>\n<meta property=\"og:title\" content=\"Th\u00e9rapies - Psychologue Lyon 6 - Elodie BRITTON\" \/>\n<meta property=\"og:description\" content=\"LES TH\u00c9RAPIES Je propose des psychoth\u00e9rapies ainsi que des consultations de soutien pour les adolescents et les adultes. J&#8217;accompagne selon [&hellip;]\" \/>\n<meta property=\"og:url\" content=\"https:\/\/elodiebritton-psychologue.com\/index.php\/therapie\/\" \/>\n<meta property=\"og:site_name\" content=\"Psychologue Lyon 6 - Elodie BRITTON\" \/>\n<meta property=\"article:modified_time\" content=\"2024-08-26T09:10:32+00:00\" \/>\n<meta name=\"twitter:card\" content=\"summary_large_image\" \/>\n<script type=\"application\/ld+json\" class=\"yoast-schema-graph\">{\"@context\":\"https:\\\/\\\/schema.org\",\"@graph\":[{\"@type\":\"WebPage\",\"@id\":\"https:\\\/\\\/elodiebritton-psychologue.com\\\/index.php\\\/therapie\\\/\",\"url\":\"https:\\\/\\\/elodiebritton-psychologue.com\\\/index.php\\\/therapie\\\/\",\"name\":\"Th\u00e9rapies - Psychologue Lyon 6 - Elodie BRITTON\",\"isPartOf\":{\"@id\":\"https:\\\/\\\/elodiebritton-psychologue.com\\\/#website\"},\"datePublished\":\"2024-03-04T22:32:56+00:00\",\"dateModified\":\"2024-08-26T09:10:32+00:00\",\"breadcrumb\":{\"@id\":\"https:\\\/\\\/elodiebritton-psychologue.com\\\/index.php\\\/therapie\\\/#breadcrumb\"},\"inLanguage\":\"en-US\",\"potentialAction\":[{\"@type\":\"ReadAction\",\"target\":[\"https:\\\/\\\/elodiebritton-psychologue.com\\\/index.php\\\/therapie\\\/\"]}]},{\"@type\":\"BreadcrumbList\",\"@id\":\"https:\\\/\\\/elodiebritton-psychologue.com\\\/index.php\\\/therapie\\\/#breadcrumb\",\"itemListElement\":[{\"@type\":\"ListItem\",\"position\":1,\"name\":\"Accueil\",\"item\":\"https:\\\/\\\/elodiebritton-psychologue.com\\\/\"},{\"@type\":\"ListItem\",\"position\":2,\"name\":\"Th\u00e9rapies\"}]},{\"@type\":\"WebSite\",\"@id\":\"https:\\\/\\\/elodiebritton-psychologue.com\\\/#website\",\"url\":\"https:\\\/\\\/elodiebritton-psychologue.com\\\/\",\"name\":\"Elodie Britton Psychologue\",\"description\":\"\",\"publisher\":{\"@id\":\"https:\\\/\\\/elodiebritton-psychologue.com\\\/#\\\/schema\\\/person\\\/a77952a18c251b2110847dd51f2bc744\"},\"potentialAction\":[{\"@type\":\"SearchAction\",\"target\":{\"@type\":\"EntryPoint\",\"urlTemplate\":\"https:\\\/\\\/elodiebritton-psychologue.com\\\/?s={search_term_string}\"},\"query-input\":{\"@type\":\"PropertyValueSpecification\",\"valueRequired\":true,\"valueName\":\"search_term_string\"}}],\"inLanguage\":\"en-US\"},{\"@type\":[\"Person\",\"Organization\"],\"@id\":\"https:\\\/\\\/elodiebritton-psychologue.com\\\/#\\\/schema\\\/person\\\/a77952a18c251b2110847dd51f2bc744\",\"name\":\"admin8326\",\"image\":{\"@type\":\"ImageObject\",\"inLanguage\":\"en-US\",\"@id\":\"https:\\\/\\\/i0.wp.com\\\/elodiebritton-psychologue.com\\\/wp-content\\\/uploads\\\/2024\\\/04\\\/cropped-cropped-cropped-Capture-decran-2024-04-28-a-14.35.22.png?fit=242%2C232&ssl=1\",\"url\":\"https:\\\/\\\/i0.wp.com\\\/elodiebritton-psychologue.com\\\/wp-content\\\/uploads\\\/2024\\\/04\\\/cropped-cropped-cropped-Capture-decran-2024-04-28-a-14.35.22.png?fit=242%2C232&ssl=1\",\"contentUrl\":\"https:\\\/\\\/i0.wp.com\\\/elodiebritton-psychologue.com\\\/wp-content\\\/uploads\\\/2024\\\/04\\\/cropped-cropped-cropped-Capture-decran-2024-04-28-a-14.35.22.png?fit=242%2C232&ssl=1\",\"width\":242,\"height\":232,\"caption\":\"admin8326\"},\"logo\":{\"@id\":\"https:\\\/\\\/i0.wp.com\\\/elodiebritton-psychologue.com\\\/wp-content\\\/uploads\\\/2024\\\/04\\\/cropped-cropped-cropped-Capture-decran-2024-04-28-a-14.35.22.png?fit=242%2C232&ssl=1\"},\"sameAs\":[\"http:\\\/\\\/elodiebritton-psychologue.com\"]}]}<\/script>\n<!-- \/ Yoast SEO plugin. -->","yoast_head_json":{"title":"Th\u00e9rapies - Psychologue Lyon 6 - Elodie BRITTON","robots":{"index":"index","follow":"follow","max-snippet":"max-snippet:-1","max-image-preview":"max-image-preview:large","max-video-preview":"max-video-preview:-1"},"canonical":"https:\/\/elodiebritton-psychologue.com\/index.php\/therapie\/","og_locale":"en_US","og_type":"article","og_title":"Th\u00e9rapies - Psychologue Lyon 6 - Elodie BRITTON","og_description":"LES TH\u00c9RAPIES Je propose des psychoth\u00e9rapies ainsi que des consultations de soutien pour les adolescents et les adultes. J&#8217;accompagne selon [&hellip;]","og_url":"https:\/\/elodiebritton-psychologue.com\/index.php\/therapie\/","og_site_name":"Psychologue Lyon 6 - Elodie BRITTON","article_modified_time":"2024-08-26T09:10:32+00:00","twitter_card":"summary_large_image","schema":{"@context":"https:\/\/schema.org","@graph":[{"@type":"WebPage","@id":"https:\/\/elodiebritton-psychologue.com\/index.php\/therapie\/","url":"https:\/\/elodiebritton-psychologue.com\/index.php\/therapie\/","name":"Th\u00e9rapies - Psychologue Lyon 6 - Elodie BRITTON","isPartOf":{"@id":"https:\/\/elodiebritton-psychologue.com\/#website"},"datePublished":"2024-03-04T22:32:56+00:00","dateModified":"2024-08-26T09:10:32+00:00","breadcrumb":{"@id":"https:\/\/elodiebritton-psychologue.com\/index.php\/therapie\/#breadcrumb"},"inLanguage":"en-US","potentialAction":[{"@type":"ReadAction","target":["https:\/\/elodiebritton-psychologue.com\/index.php\/therapie\/"]}]},{"@type":"BreadcrumbList","@id":"https:\/\/elodiebritton-psychologue.com\/index.php\/therapie\/#breadcrumb","itemListElement":[{"@type":"ListItem","position":1,"name":"Accueil","item":"https:\/\/elodiebritton-psychologue.com\/"},{"@type":"ListItem","position":2,"name":"Th\u00e9rapies"}]},{"@type":"WebSite","@id":"https:\/\/elodiebritton-psychologue.com\/#website","url":"https:\/\/elodiebritton-psychologue.com\/","name":"Elodie Britton Psychologue","description":"","publisher":{"@id":"https:\/\/elodiebritton-psychologue.com\/#\/schema\/person\/a77952a18c251b2110847dd51f2bc744"},"potentialAction":[{"@type":"SearchAction","target":{"@type":"EntryPoint","urlTemplate":"https:\/\/elodiebritton-psychologue.com\/?s={search_term_string}"},"query-input":{"@type":"PropertyValueSpecification","valueRequired":true,"valueName":"search_term_string"}}],"inLanguage":"en-US"},{"@type":["Person","Organization"],"@id":"https:\/\/elodiebritton-psychologue.com\/#\/schema\/person\/a77952a18c251b2110847dd51f2bc744","name":"admin8326","image":{"@type":"ImageObject","inLanguage":"en-US","@id":"https:\/\/i0.wp.com\/elodiebritton-psychologue.com\/wp-content\/uploads\/2024\/04\/cropped-cropped-cropped-Capture-decran-2024-04-28-a-14.35.22.png?fit=242%2C232&ssl=1","url":"https:\/\/i0.wp.com\/elodiebritton-psychologue.com\/wp-content\/uploads\/2024\/04\/cropped-cropped-cropped-Capture-decran-2024-04-28-a-14.35.22.png?fit=242%2C232&ssl=1","contentUrl":"https:\/\/i0.wp.com\/elodiebritton-psychologue.com\/wp-content\/uploads\/2024\/04\/cropped-cropped-cropped-Capture-decran-2024-04-28-a-14.35.22.png?fit=242%2C232&ssl=1","width":242,"height":232,"caption":"admin8326"},"logo":{"@id":"https:\/\/i0.wp.com\/elodiebritton-psychologue.com\/wp-content\/uploads\/2024\/04\/cropped-cropped-cropped-Capture-decran-2024-04-28-a-14.35.22.png?fit=242%2C232&ssl=1"},"sameAs":["http:\/\/elodiebritton-psychologue.com"]}]}},"jetpack_sharing_enabled":true,"_links":{"self":[{"href":"https:\/\/elodiebritton-psychologue.com\/index.php\/wp-json\/wp\/v2\/pages\/266","targetHints":{"allow":["GET"]}}],"collection":[{"href":"https:\/\/elodiebritton-psychologue.com\/index.php\/wp-json\/wp\/v2\/pages"}],"about":[{"href":"https:\/\/elodiebritton-psychologue.com\/index.php\/wp-json\/wp\/v2\/types\/page"}],"author":[{"embeddable":true,"href":"https:\/\/elodiebritton-psychologue.com\/index.php\/wp-json\/wp\/v2\/users\/1"}],"replies":[{"embeddable":true,"href":"https:\/\/elodiebritton-psychologue.com\/index.php\/wp-json\/wp\/v2\/comments?post=266"}],"version-history":[{"count":27,"href":"https:\/\/elodiebritton-psychologue.com\/index.php\/wp-json\/wp\/v2\/pages\/266\/revisions"}],"predecessor-version":[{"id":1252,"href":"https:\/\/elodiebritton-psychologue.com\/index.php\/wp-json\/wp\/v2\/pages\/266\/revisions\/1252"}],"wp:attachment":[{"href":"https:\/\/elodiebritton-psychologue.com\/index.php\/wp-json\/wp\/v2\/media?parent=266"}],"curies":[{"name":"wp","href":"https:\/\/api.w.org\/{rel}","templated":true}]}}