{"id":30,"date":"2023-12-15T03:30:29","date_gmt":"2023-12-15T02:30:29","guid":{"rendered":"https:\/\/elodiebritton-psychologue.com\/?page_id=30"},"modified":"2024-05-10T01:06:58","modified_gmt":"2024-05-09T23:06:58","slug":"pourquoi-consulter-un-psychologue","status":"publish","type":"page","link":"https:\/\/elodiebritton-psychologue.com\/index.php\/pourquoi-consulter-un-psychologue\/","title":{"rendered":"Pourquoi consulter ?"},"content":{"rendered":"\n<h2 class=\"wp-block-heading has-text-align-center\"><mark style=\"background-color:rgba(0, 0, 0, 0)\" class=\"has-inline-color has-ast-global-color-8-color\">POURQUOI CONSULTER UN PSYCHOLOGUE ?<\/mark><\/h2>\n\n\n\n<hr class=\"wp-block-separator has-alpha-channel-opacity\"\/>\n\n\n\n<div class=\"wp-block-group has-ast-global-color-4-background-color has-background is-layout-constrained wp-block-group-is-layout-constrained\">\n<div class=\"wp-block-columns is-layout-flex wp-container-core-columns-is-layout-28f84493 wp-block-columns-is-layout-flex\">\n<div class=\"wp-block-column is-vertically-aligned-center is-layout-flow wp-block-column-is-layout-flow\" style=\"flex-basis:25%\">\n<h5 class=\"wp-block-heading has-text-align-center\"><strong>Aller consulter un psychologue arrive souvent apr\u00e8s une phase de r\u00e9flexion. Les raisons qui am\u00e8nent \u00e0 cela sont singuli\u00e8res.<\/strong><\/h5>\n<\/div>\n\n\n\n<div class=\"wp-block-column is-layout-flow wp-block-column-is-layout-flow\" style=\"flex-basis:25%\">\n<figure class=\"wp-block-image aligncenter size-full is-resized is-style-rounded\"><img data-recalc-dims=\"1\" loading=\"lazy\" decoding=\"async\" width=\"274\" height=\"274\" src=\"https:\/\/i0.wp.com\/elodiebritton-psychologue.com\/wp-content\/uploads\/2024\/05\/Capture-decran-2024-04-28-a-14.14.11.webp?resize=274%2C274&#038;ssl=1\" alt=\"Psychologue Lyon 6, consulter un psychologue \u00e0 Lyon\" class=\"wp-image-1115\" style=\"aspect-ratio:1;width:204px;height:auto\" srcset=\"https:\/\/i0.wp.com\/elodiebritton-psychologue.com\/wp-content\/uploads\/2024\/05\/Capture-decran-2024-04-28-a-14.14.11.webp?w=274&amp;ssl=1 274w, https:\/\/i0.wp.com\/elodiebritton-psychologue.com\/wp-content\/uploads\/2024\/05\/Capture-decran-2024-04-28-a-14.14.11.webp?resize=150%2C150&amp;ssl=1 150w\" sizes=\"auto, (max-width: 274px) 100vw, 274px\" \/><\/figure>\n<\/div>\n\n\n\n<div class=\"wp-block-column is-vertically-aligned-center is-layout-flow wp-block-column-is-layout-flow\" style=\"flex-basis:25%\">\n<h5 class=\"wp-block-heading has-text-align-center\"><strong>Parfois, \u00e0 certaines p\u00e9riodes, un ou plusieurs \u00e9v\u00e9nements viennent compliquer la vie habituelle.<\/strong><\/h5>\n<\/div>\n\n\n\n<div class=\"wp-block-column is-vertically-aligned-center is-layout-flow wp-block-column-is-layout-flow\" style=\"flex-basis:25%\">\n<h5 class=\"wp-block-heading has-text-align-center\"><strong>D&#8217;autres fois, la souffrance s&#8217;installe \u00e0 bas bruit, les sympt\u00f4mes de mal-\u00eatre s&#8217;accumulent et emp\u00eachent de construire<\/strong>.<\/h5>\n<\/div>\n<\/div>\n<\/div>\n\n\n\n<div class=\"wp-block-group is-layout-constrained wp-block-group-is-layout-constrained\">\n<h5 class=\"wp-block-heading has-text-align-center\"><strong>Il y a diverses raisons de consulter un psychologue. Toutes sont l\u00e9gitimes.<\/strong><\/h5>\n\n\n\n<p class=\"has-text-align-center\">L&#8217;accompagnement par un psychologue peut apporter un soutien et un accompagnement face aux \u00e9v\u00e8nements de vie difficiles. Progressivement, cela peut ouvrir \u00e0 une meilleure compr\u00e9hension de vous-m\u00eame, en retrouvant \u00e9quilibre et \u00e9nergie dans votre vie quotidienne.<\/p>\n<\/div>\n\n\n\n<div class=\"wp-block-group is-layout-constrained wp-block-group-is-layout-constrained\">\n<h5 class=\"wp-block-heading has-text-align-left\"><mark style=\"background-color:rgba(0, 0, 0, 0)\" class=\"has-inline-color has-ast-global-color-1-color\">A titre d&#8217;exemples, voici quelques motifs de consultations chez un psychologue :<\/mark><\/h5>\n\n\n\n<div class=\"wp-block-group is-layout-constrained wp-block-group-is-layout-constrained\">\n<ul class=\"wp-block-list\">\n<li>une sensation de vide, d&#8217;ennui, de solitude<\/li>\n<\/ul>\n\n\n\n<ul class=\"wp-block-list\">\n<li>un contexte de s\u00e9paration, de deuil, de changement <\/li>\n<\/ul>\n\n\n\n<ul class=\"wp-block-list\">\n<li>de l&#8217;anxi\u00e9t\u00e9, du stress dans un ou plusieurs domaines de la vie quotidienne<\/li>\n<\/ul>\n\n\n\n<ul class=\"wp-block-list\">\n<li>une diminution de la capacit\u00e9 \u00e0 apprendre, \u00e0 travailler, \u00e0 se concentrer<\/li>\n<\/ul>\n\n\n\n<ul class=\"wp-block-list\">\n<li>une difficult\u00e9 \u00e0 \u00e9prouver du plaisir, de la d\u00e9tente dans des activit\u00e9s qui habituellement en procurent<\/li>\n<\/ul>\n\n\n\n<ul class=\"wp-block-list\">\n<li>une irritabilit\u00e9, une col\u00e8re inexpliqu\u00e9e, des conflits r\u00e9p\u00e9t\u00e9s avec l&#8217;entourage<\/li>\n<\/ul>\n\n\n\n<ul class=\"wp-block-list\">\n<li>une difficult\u00e9 \u00e0 faire des choix, \u00e0 \u00eatre autonome, \u00e0 d\u00e9cider pour soi, une d\u00e9pendance \u00e0 l&#8217;autre<\/li>\n<\/ul>\n\n\n\n<ul class=\"wp-block-list\">\n<li>une fatigue qui s&#8217;installe, une difficult\u00e9 \u00e0 se reposer, \u00e0 trouver le sommeil<\/li>\n<\/ul>\n<\/div>\n<\/div>\n\n\n\n<div class=\"wp-block-group is-layout-constrained wp-block-group-is-layout-constrained\">\n<h5 class=\"wp-block-heading has-text-align-left\"><mark style=\"background-color:rgba(0, 0, 0, 0)\" class=\"has-inline-color has-ast-global-color-1-color\">Et aussi :<\/mark><\/h5>\n\n\n\n<div class=\"wp-block-group is-layout-constrained wp-block-group-is-layout-constrained\">\n<div class=\"wp-block-group is-layout-constrained wp-block-group-is-layout-constrained\">\n<div class=\"wp-block-group is-layout-constrained wp-block-group-is-layout-constrained\">\n<div class=\"wp-block-group is-layout-constrained wp-block-group-is-layout-constrained\">\n<ul class=\"wp-block-list\">\n<li>une souffrance au travail, pouvant aller jusqu&#8217;au burn-out (\u00e9puisement professionnel)<\/li>\n<\/ul>\n\n\n\n<ul class=\"wp-block-list\">\n<li>une angoisse paralysante au moment des examens, une phobie scolaire<\/li>\n<\/ul>\n\n\n\n<ul class=\"wp-block-list\">\n<li>un ou plusieurs traumatismes persistants et envahissants la vie quotidienne<\/li>\n<\/ul>\n\n\n\n<ul class=\"wp-block-list\">\n<li>un trouble du comportement alimentaire (TCA) : anorexie, boulimie, hyperphagie<\/li>\n<\/ul>\n\n\n\n<ul class=\"wp-block-list\">\n<li> une addiction, que ce soit avec  substance (alcool, drogue, m\u00e9dicament) ou sans substance : addiction aux \u00e9crans, d\u00e9pendance au sport, au travail, d\u00e9pendance affective<\/li>\n<\/ul>\n\n\n\n<ul class=\"wp-block-list\">\n<li>un trouble thymique (d\u00e9pression, bipolarit\u00e9)<\/li>\n<\/ul>\n<\/div>\n<\/div>\n<\/div>\n<\/div>\n\n\n\n<p><mark style=\"background-color:rgba(0, 0, 0, 0)\" class=\"has-inline-color has-ast-global-color-4-color\">.<\/mark><\/p>\n\n\n\n<p class=\"has-text-align-center\"><strong><em><mark style=\"background-color:rgba(0, 0, 0, 0)\" class=\"has-inline-color has-ast-global-color-1-color\">R\u00e9pondre \u00e0 la question &#8220;pourquoi consulter un psychologue&#8221; revient donc \u00e0 se questionner sur sa propre vie et sur ce qui la rend inconfortable, douloureuse. L&#8217;accompagnement psychoth\u00e9rapique permet d&#8217;aller progressivement vers un mieux-\u00eatre et un d\u00e9nouement de ce qui immobilise et ralentit l&#8217;\u00e9lan de vie.<\/mark><\/em><\/strong><\/p>\n<\/div>\n\n\n\n<div class=\"wp-block-buttons is-content-justification-center is-layout-flex wp-container-core-buttons-is-layout-a89b3969 wp-block-buttons-is-layout-flex\">\n<div class=\"wp-block-button\"><a class=\"wp-block-button__link wp-element-button\" href=\"https:\/\/elodiebritton-psychologue.com\/index.php\/therapie\/\">LES TH\u00c9RAPIES<\/a><\/div>\n\n\n\n<div class=\"wp-block-button\"><a class=\"wp-block-button__link wp-element-button\" href=\"https:\/\/elodiebritton-psychologue.com\/index.php\/tarifs\/\">PRENDRE RENDEZ-VOUS<\/a><\/div>\n\n\n\n<div class=\"wp-block-button\"><a class=\"wp-block-button__link wp-element-button\" href=\"https:\/\/elodiebritton-psychologue.com\/index.php\/psychologue-pour-enfants\/\">TH\u00c9RAPIE ENFANT<\/a><\/div>\n<\/div>\n\n\n\n<p><\/p>\n","protected":false},"excerpt":{"rendered":"<p>POURQUOI CONSULTER UN PSYCHOLOGUE ? Aller consulter un psychologue arrive souvent apr\u00e8s une phase de r\u00e9flexion. Les raisons qui am\u00e8nent [&hellip;]<\/p>\n","protected":false},"author":1,"featured_media":0,"parent":0,"menu_order":2,"comment_status":"closed","ping_status":"closed","template":"","meta":{"site-sidebar-layout":"default","site-content-layout":"","ast-site-content-layout":"default","site-content-style":"default","site-sidebar-style":"default","ast-global-header-display":"","ast-banner-title-visibility":"","ast-main-header-display":"","ast-hfb-above-header-display":"","ast-hfb-below-header-display":"","ast-hfb-mobile-header-display":"","site-post-title":"","ast-breadcrumbs-content":"","ast-featured-img":"","footer-sml-layout":"","theme-transparent-header-meta":"","adv-header-id-meta":"","stick-header-meta":"","header-above-stick-meta":"","header-main-stick-meta":"","header-below-stick-meta":"","astra-migrate-meta-layouts":"default","ast-page-background-enabled":"default","ast-page-background-meta":{"desktop":{"background-color":"var(--ast-global-color-4)","background-image":"","background-repeat":"repeat","background-position":"center center","background-size":"auto","background-attachment":"scroll","background-type":"","background-media":"","overlay-type":"","overlay-color":"","overlay-opacity":"","overlay-gradient":""},"tablet":{"background-color":"","background-image":"","background-repeat":"repeat","background-position":"center center","background-size":"auto","background-attachment":"scroll","background-type":"","background-media":"","overlay-type":"","overlay-color":"","overlay-opacity":"","overlay-gradient":""},"mobile":{"background-color":"","background-image":"","background-repeat":"repeat","background-position":"center center","background-size":"auto","background-attachment":"scroll","background-type":"","background-media":"","overlay-type":"","overlay-color":"","overlay-opacity":"","overlay-gradient":""}},"ast-content-background-meta":{"desktop":{"background-color":"var(--ast-global-color-5)","background-image":"","background-repeat":"repeat","background-position":"center center","background-size":"auto","background-attachment":"scroll","background-type":"","background-media":"","overlay-type":"","overlay-color":"","overlay-opacity":"","overlay-gradient":""},"tablet":{"background-color":"var(--ast-global-color-5)","background-image":"","background-repeat":"repeat","background-position":"center center","background-size":"auto","background-attachment":"scroll","background-type":"","background-media":"","overlay-type":"","overlay-color":"","overlay-opacity":"","overlay-gradient":""},"mobile":{"background-color":"var(--ast-global-color-5)","background-image":"","background-repeat":"repeat","background-position":"center center","background-size":"auto","background-attachment":"scroll","background-type":"","background-media":"","overlay-type":"","overlay-color":"","overlay-opacity":"","overlay-gradient":""}},"footnotes":""},"class_list":["post-30","page","type-page","status-publish","hentry"],"yoast_head":"<!-- This site is optimized with the Yoast SEO plugin v27.4 - https:\/\/yoast.com\/product\/yoast-seo-wordpress\/ -->\n<title>Pourquoi consulter ? - Psychologue Lyon 6 - Elodie BRITTON<\/title>\n<meta name=\"description\" content=\"Pourquoi consulter un psychologue ? Cela arrive souvent apr\u00e8s une p\u00e9riode de r\u00e9flexion. Les raisons qui am\u00e8nent \u00e0 cela sont singuli\u00e8res.\" \/>\n<meta name=\"robots\" content=\"index, follow, max-snippet:-1, max-image-preview:large, max-video-preview:-1\" \/>\n<link rel=\"canonical\" href=\"https:\/\/elodiebritton-psychologue.com\/index.php\/pourquoi-consulter-un-psychologue\/\" \/>\n<meta property=\"og:locale\" content=\"en_US\" \/>\n<meta property=\"og:type\" content=\"article\" \/>\n<meta property=\"og:title\" content=\"Pourquoi consulter ? - Psychologue Lyon 6 - Elodie BRITTON\" \/>\n<meta property=\"og:description\" content=\"Pourquoi consulter un psychologue ? Cela arrive souvent apr\u00e8s une p\u00e9riode de r\u00e9flexion. Les raisons qui am\u00e8nent \u00e0 cela sont singuli\u00e8res.\" \/>\n<meta property=\"og:url\" content=\"https:\/\/elodiebritton-psychologue.com\/index.php\/pourquoi-consulter-un-psychologue\/\" \/>\n<meta property=\"og:site_name\" content=\"Psychologue Lyon 6 - Elodie BRITTON\" \/>\n<meta property=\"article:modified_time\" content=\"2024-05-09T23:06:58+00:00\" \/>\n<meta property=\"og:image\" content=\"https:\/\/elodiebritton-psychologue.com\/wp-content\/uploads\/2024\/05\/Capture-decran-2024-04-28-a-14.14.11.webp\" \/>\n<meta name=\"twitter:card\" content=\"summary_large_image\" \/>\n<meta name=\"twitter:label1\" content=\"Est. reading time\" \/>\n\t<meta name=\"twitter:data1\" content=\"2 minutes\" \/>\n<script type=\"application\/ld+json\" class=\"yoast-schema-graph\">{\"@context\":\"https:\\\/\\\/schema.org\",\"@graph\":[{\"@type\":\"WebPage\",\"@id\":\"https:\\\/\\\/elodiebritton-psychologue.com\\\/index.php\\\/pourquoi-consulter-un-psychologue\\\/\",\"url\":\"https:\\\/\\\/elodiebritton-psychologue.com\\\/index.php\\\/pourquoi-consulter-un-psychologue\\\/\",\"name\":\"Pourquoi consulter ? - Psychologue Lyon 6 - Elodie BRITTON\",\"isPartOf\":{\"@id\":\"https:\\\/\\\/elodiebritton-psychologue.com\\\/#website\"},\"primaryImageOfPage\":{\"@id\":\"https:\\\/\\\/elodiebritton-psychologue.com\\\/index.php\\\/pourquoi-consulter-un-psychologue\\\/#primaryimage\"},\"image\":{\"@id\":\"https:\\\/\\\/elodiebritton-psychologue.com\\\/index.php\\\/pourquoi-consulter-un-psychologue\\\/#primaryimage\"},\"thumbnailUrl\":\"https:\\\/\\\/elodiebritton-psychologue.com\\\/wp-content\\\/uploads\\\/2024\\\/05\\\/Capture-decran-2024-04-28-a-14.14.11.webp\",\"datePublished\":\"2023-12-15T02:30:29+00:00\",\"dateModified\":\"2024-05-09T23:06:58+00:00\",\"description\":\"Pourquoi consulter un psychologue ? Cela arrive souvent apr\u00e8s une p\u00e9riode de r\u00e9flexion. Les raisons qui am\u00e8nent \u00e0 cela sont singuli\u00e8res.\",\"breadcrumb\":{\"@id\":\"https:\\\/\\\/elodiebritton-psychologue.com\\\/index.php\\\/pourquoi-consulter-un-psychologue\\\/#breadcrumb\"},\"inLanguage\":\"en-US\",\"potentialAction\":[{\"@type\":\"ReadAction\",\"target\":[\"https:\\\/\\\/elodiebritton-psychologue.com\\\/index.php\\\/pourquoi-consulter-un-psychologue\\\/\"]}]},{\"@type\":\"ImageObject\",\"inLanguage\":\"en-US\",\"@id\":\"https:\\\/\\\/elodiebritton-psychologue.com\\\/index.php\\\/pourquoi-consulter-un-psychologue\\\/#primaryimage\",\"url\":\"https:\\\/\\\/i0.wp.com\\\/elodiebritton-psychologue.com\\\/wp-content\\\/uploads\\\/2024\\\/05\\\/Capture-decran-2024-04-28-a-14.14.11.webp?fit=274%2C274&ssl=1\",\"contentUrl\":\"https:\\\/\\\/i0.wp.com\\\/elodiebritton-psychologue.com\\\/wp-content\\\/uploads\\\/2024\\\/05\\\/Capture-decran-2024-04-28-a-14.14.11.webp?fit=274%2C274&ssl=1\",\"width\":274,\"height\":274},{\"@type\":\"BreadcrumbList\",\"@id\":\"https:\\\/\\\/elodiebritton-psychologue.com\\\/index.php\\\/pourquoi-consulter-un-psychologue\\\/#breadcrumb\",\"itemListElement\":[{\"@type\":\"ListItem\",\"position\":1,\"name\":\"Accueil\",\"item\":\"https:\\\/\\\/elodiebritton-psychologue.com\\\/\"},{\"@type\":\"ListItem\",\"position\":2,\"name\":\"Pourquoi consulter ?\"}]},{\"@type\":\"WebSite\",\"@id\":\"https:\\\/\\\/elodiebritton-psychologue.com\\\/#website\",\"url\":\"https:\\\/\\\/elodiebritton-psychologue.com\\\/\",\"name\":\"Elodie Britton Psychologue\",\"description\":\"\",\"publisher\":{\"@id\":\"https:\\\/\\\/elodiebritton-psychologue.com\\\/#\\\/schema\\\/person\\\/a77952a18c251b2110847dd51f2bc744\"},\"potentialAction\":[{\"@type\":\"SearchAction\",\"target\":{\"@type\":\"EntryPoint\",\"urlTemplate\":\"https:\\\/\\\/elodiebritton-psychologue.com\\\/?s={search_term_string}\"},\"query-input\":{\"@type\":\"PropertyValueSpecification\",\"valueRequired\":true,\"valueName\":\"search_term_string\"}}],\"inLanguage\":\"en-US\"},{\"@type\":[\"Person\",\"Organization\"],\"@id\":\"https:\\\/\\\/elodiebritton-psychologue.com\\\/#\\\/schema\\\/person\\\/a77952a18c251b2110847dd51f2bc744\",\"name\":\"admin8326\",\"image\":{\"@type\":\"ImageObject\",\"inLanguage\":\"en-US\",\"@id\":\"https:\\\/\\\/i0.wp.com\\\/elodiebritton-psychologue.com\\\/wp-content\\\/uploads\\\/2024\\\/04\\\/cropped-cropped-cropped-Capture-decran-2024-04-28-a-14.35.22.png?fit=242%2C232&ssl=1\",\"url\":\"https:\\\/\\\/i0.wp.com\\\/elodiebritton-psychologue.com\\\/wp-content\\\/uploads\\\/2024\\\/04\\\/cropped-cropped-cropped-Capture-decran-2024-04-28-a-14.35.22.png?fit=242%2C232&ssl=1\",\"contentUrl\":\"https:\\\/\\\/i0.wp.com\\\/elodiebritton-psychologue.com\\\/wp-content\\\/uploads\\\/2024\\\/04\\\/cropped-cropped-cropped-Capture-decran-2024-04-28-a-14.35.22.png?fit=242%2C232&ssl=1\",\"width\":242,\"height\":232,\"caption\":\"admin8326\"},\"logo\":{\"@id\":\"https:\\\/\\\/i0.wp.com\\\/elodiebritton-psychologue.com\\\/wp-content\\\/uploads\\\/2024\\\/04\\\/cropped-cropped-cropped-Capture-decran-2024-04-28-a-14.35.22.png?fit=242%2C232&ssl=1\"},\"sameAs\":[\"http:\\\/\\\/elodiebritton-psychologue.com\"]}]}<\/script>\n<!-- \/ Yoast SEO plugin. -->","yoast_head_json":{"title":"Pourquoi consulter ? - Psychologue Lyon 6 - Elodie BRITTON","description":"Pourquoi consulter un psychologue ? Cela arrive souvent apr\u00e8s une p\u00e9riode de r\u00e9flexion. Les raisons qui am\u00e8nent \u00e0 cela sont singuli\u00e8res.","robots":{"index":"index","follow":"follow","max-snippet":"max-snippet:-1","max-image-preview":"max-image-preview:large","max-video-preview":"max-video-preview:-1"},"canonical":"https:\/\/elodiebritton-psychologue.com\/index.php\/pourquoi-consulter-un-psychologue\/","og_locale":"en_US","og_type":"article","og_title":"Pourquoi consulter ? - Psychologue Lyon 6 - Elodie BRITTON","og_description":"Pourquoi consulter un psychologue ? Cela arrive souvent apr\u00e8s une p\u00e9riode de r\u00e9flexion. Les raisons qui am\u00e8nent \u00e0 cela sont singuli\u00e8res.","og_url":"https:\/\/elodiebritton-psychologue.com\/index.php\/pourquoi-consulter-un-psychologue\/","og_site_name":"Psychologue Lyon 6 - Elodie BRITTON","article_modified_time":"2024-05-09T23:06:58+00:00","og_image":[{"url":"https:\/\/elodiebritton-psychologue.com\/wp-content\/uploads\/2024\/05\/Capture-decran-2024-04-28-a-14.14.11.webp","type":"","width":"","height":""}],"twitter_card":"summary_large_image","twitter_misc":{"Est. reading time":"2 minutes"},"schema":{"@context":"https:\/\/schema.org","@graph":[{"@type":"WebPage","@id":"https:\/\/elodiebritton-psychologue.com\/index.php\/pourquoi-consulter-un-psychologue\/","url":"https:\/\/elodiebritton-psychologue.com\/index.php\/pourquoi-consulter-un-psychologue\/","name":"Pourquoi consulter ? - Psychologue Lyon 6 - Elodie BRITTON","isPartOf":{"@id":"https:\/\/elodiebritton-psychologue.com\/#website"},"primaryImageOfPage":{"@id":"https:\/\/elodiebritton-psychologue.com\/index.php\/pourquoi-consulter-un-psychologue\/#primaryimage"},"image":{"@id":"https:\/\/elodiebritton-psychologue.com\/index.php\/pourquoi-consulter-un-psychologue\/#primaryimage"},"thumbnailUrl":"https:\/\/elodiebritton-psychologue.com\/wp-content\/uploads\/2024\/05\/Capture-decran-2024-04-28-a-14.14.11.webp","datePublished":"2023-12-15T02:30:29+00:00","dateModified":"2024-05-09T23:06:58+00:00","description":"Pourquoi consulter un psychologue ? Cela arrive souvent apr\u00e8s une p\u00e9riode de r\u00e9flexion. Les raisons qui am\u00e8nent \u00e0 cela sont singuli\u00e8res.","breadcrumb":{"@id":"https:\/\/elodiebritton-psychologue.com\/index.php\/pourquoi-consulter-un-psychologue\/#breadcrumb"},"inLanguage":"en-US","potentialAction":[{"@type":"ReadAction","target":["https:\/\/elodiebritton-psychologue.com\/index.php\/pourquoi-consulter-un-psychologue\/"]}]},{"@type":"ImageObject","inLanguage":"en-US","@id":"https:\/\/elodiebritton-psychologue.com\/index.php\/pourquoi-consulter-un-psychologue\/#primaryimage","url":"https:\/\/i0.wp.com\/elodiebritton-psychologue.com\/wp-content\/uploads\/2024\/05\/Capture-decran-2024-04-28-a-14.14.11.webp?fit=274%2C274&ssl=1","contentUrl":"https:\/\/i0.wp.com\/elodiebritton-psychologue.com\/wp-content\/uploads\/2024\/05\/Capture-decran-2024-04-28-a-14.14.11.webp?fit=274%2C274&ssl=1","width":274,"height":274},{"@type":"BreadcrumbList","@id":"https:\/\/elodiebritton-psychologue.com\/index.php\/pourquoi-consulter-un-psychologue\/#breadcrumb","itemListElement":[{"@type":"ListItem","position":1,"name":"Accueil","item":"https:\/\/elodiebritton-psychologue.com\/"},{"@type":"ListItem","position":2,"name":"Pourquoi consulter ?"}]},{"@type":"WebSite","@id":"https:\/\/elodiebritton-psychologue.com\/#website","url":"https:\/\/elodiebritton-psychologue.com\/","name":"Elodie Britton Psychologue","description":"","publisher":{"@id":"https:\/\/elodiebritton-psychologue.com\/#\/schema\/person\/a77952a18c251b2110847dd51f2bc744"},"potentialAction":[{"@type":"SearchAction","target":{"@type":"EntryPoint","urlTemplate":"https:\/\/elodiebritton-psychologue.com\/?s={search_term_string}"},"query-input":{"@type":"PropertyValueSpecification","valueRequired":true,"valueName":"search_term_string"}}],"inLanguage":"en-US"},{"@type":["Person","Organization"],"@id":"https:\/\/elodiebritton-psychologue.com\/#\/schema\/person\/a77952a18c251b2110847dd51f2bc744","name":"admin8326","image":{"@type":"ImageObject","inLanguage":"en-US","@id":"https:\/\/i0.wp.com\/elodiebritton-psychologue.com\/wp-content\/uploads\/2024\/04\/cropped-cropped-cropped-Capture-decran-2024-04-28-a-14.35.22.png?fit=242%2C232&ssl=1","url":"https:\/\/i0.wp.com\/elodiebritton-psychologue.com\/wp-content\/uploads\/2024\/04\/cropped-cropped-cropped-Capture-decran-2024-04-28-a-14.35.22.png?fit=242%2C232&ssl=1","contentUrl":"https:\/\/i0.wp.com\/elodiebritton-psychologue.com\/wp-content\/uploads\/2024\/04\/cropped-cropped-cropped-Capture-decran-2024-04-28-a-14.35.22.png?fit=242%2C232&ssl=1","width":242,"height":232,"caption":"admin8326"},"logo":{"@id":"https:\/\/i0.wp.com\/elodiebritton-psychologue.com\/wp-content\/uploads\/2024\/04\/cropped-cropped-cropped-Capture-decran-2024-04-28-a-14.35.22.png?fit=242%2C232&ssl=1"},"sameAs":["http:\/\/elodiebritton-psychologue.com"]}]}},"jetpack_sharing_enabled":true,"_links":{"self":[{"href":"https:\/\/elodiebritton-psychologue.com\/index.php\/wp-json\/wp\/v2\/pages\/30","targetHints":{"allow":["GET"]}}],"collection":[{"href":"https:\/\/elodiebritton-psychologue.com\/index.php\/wp-json\/wp\/v2\/pages"}],"about":[{"href":"https:\/\/elodiebritton-psychologue.com\/index.php\/wp-json\/wp\/v2\/types\/page"}],"author":[{"embeddable":true,"href":"https:\/\/elodiebritton-psychologue.com\/index.php\/wp-json\/wp\/v2\/users\/1"}],"replies":[{"embeddable":true,"href":"https:\/\/elodiebritton-psychologue.com\/index.php\/wp-json\/wp\/v2\/comments?post=30"}],"version-history":[{"count":89,"href":"https:\/\/elodiebritton-psychologue.com\/index.php\/wp-json\/wp\/v2\/pages\/30\/revisions"}],"predecessor-version":[{"id":1166,"href":"https:\/\/elodiebritton-psychologue.com\/index.php\/wp-json\/wp\/v2\/pages\/30\/revisions\/1166"}],"wp:attachment":[{"href":"https:\/\/elodiebritton-psychologue.com\/index.php\/wp-json\/wp\/v2\/media?parent=30"}],"curies":[{"name":"wp","href":"https:\/\/api.w.org\/{rel}","templated":true}]}}